{"id":1667,"date":"2023-04-21T15:18:51","date_gmt":"2023-04-21T19:18:51","guid":{"rendered":"https:\/\/www.uprm.edu\/cep2\/?page_id=1667"},"modified":"2024-01-05T12:43:47","modified_gmt":"2024-01-05T16:43:47","slug":"acreditacion-de-horas","status":"publish","type":"page","link":"https:\/\/new-cep.uprm.edu\/index.php\/acreditacion-de-horas\/","title":{"rendered":"\u00bfC\u00f3mo se convalidan las horas del CEP?"},"content":{"rendered":"<div class=\"wpb-content-wrapper\"><p>[vc_row content_placement=&#8221;middle&#8221; css=&#8221;.vc_custom_1682341675853{background-color: #337137 !important;border-radius: 30px !important;}&#8221; el_class=&#8221;FAQrow&#8221;][vc_column]<div class=\"aio-icon-component   FAQbox style_1\"><div id=\"Info-box-wrap-4718\" class=\"aio-icon-box top-icon\" style=\"\"  ><div class=\"aio-icon-top\"><div class=\"ult-just-icon-wrapper  \"><div class=\"align-icon\" style=\"text-align:center;\">\n<div class=\"aio-icon none \"  style=\"color:#ffffff;font-size:50px;display:inline-block;\">\n\t<i class=\"fas fa-question-circle\"><\/i>\n<\/div><\/div><\/div><\/div><\/div> <!-- aio-icon-box --><\/div> <!-- aio-icon-component -->[vc_column_text el_class=&#8221;FAQh1&#8243;]<\/p>\n<h1><span style=\"color: #ffffff;\">Preguntas m\u00e1s frecuentes<\/span><\/h1>\n<p>[\/vc_column_text][\/vc_column][\/vc_row][vc_row][vc_column][vc_custom_heading text=&#8221;\u00bfSe pueden convalidar otras actividades bajo el CEP?&#8221; font_container=&#8221;tag:h1|font_size:32px|text_align:left|color:%23000000&#8243; google_fonts=&#8221;font_family:Roboto%3A100%2C100italic%2C300%2C300italic%2Cregular%2Citalic%2C500%2C500italic%2C700%2C700italic%2C900%2C900italic|font_style:500%20bold%20regular%3A500%3Anormal&#8221;][vc_column_text el_class=&#8221;horasText&#8221;]<span class=\"ui-provider gr b c d e f g h i j k l m n o p q r s t u v w x y z ab ac ae af ag ah ai aj ak\" dir=\"ltr\">La misi\u00f3n del Centro de Enriquecimiento Profesional (CEP) es exponer al personal docente dedicado a la ense\u00f1anza a diversas estrategias, m\u00e9todos y t\u00e9cnicas educativas que promueven la excelencia acad\u00e9mica universitaria desde las perspectivas de efectividad y calidad de la ense\u00f1anza en el aprovechamiento acad\u00e9mico estudiantil. A base de esta misi\u00f3n, y junto a otros criterios, se podr\u00eda convalidar tiempo por actividades que no sean auspiciadas por el CEP.<\/span>[\/vc_column_text][vc_custom_heading text=&#8221;\u00bfC\u00f3mo puedo convalidar horas a trav\u00e9s del CEP?&#8221; font_container=&#8221;tag:h1|font_size:32px|text_align:left|color:%23000000&#8243; google_fonts=&#8221;font_family:Roboto%3A100%2C100italic%2C300%2C300italic%2Cregular%2Citalic%2C500%2C500italic%2C700%2C700italic%2C900%2C900italic|font_style:500%20bold%20regular%3A500%3Anormal&#8221;][vc_column_text el_class=&#8221;horasText&#8221;]<span class=\"ui-provider gr b c d e f g h i j k l m n o p q r s t u v w x y z ab ac ae af ag ah ai aj ak\" dir=\"ltr\">La oficina o entidad organizadora de la actividad debe contactar nuestras oficinas previo a la fecha del evento para que se pueda evaluar el tema y confirmar que puede ser convalidado. Luego de culminada la actividad, se debe recibir la hoja de asistencia debidamente firmada con las credenciales de upr.edu de todos los participantes. Si la actividad fue en l\u00ednea, tambi\u00e9n debe incluir la evidencia de que se ofreci\u00f3 la post-prueba y las puntuaciones de los participantes.<\/span>[\/vc_column_text]<div class=\"hr-thin style-line\" style=\"width: 100%;border-color: #009959;border-top-width: 1px;\"><\/div>[\/vc_column][\/vc_row][vc_row disable_element=&#8221;yes&#8221;][vc_column][vc_custom_heading text=&#8221;Preguntas m\u00e1s frecuentes&#8221; font_container=&#8221;tag:h1|text_align:center|color:%23ffffff&#8221; google_fonts=&#8221;font_family:Roboto%3A100%2C100italic%2C300%2C300italic%2Cregular%2Citalic%2C500%2C500italic%2C700%2C700italic%2C900%2C900italic|font_style:500%20bold%20regular%3A500%3Anormal&#8221; css=&#8221;.vc_custom_1682101990083{padding-top: 20px !important;padding-right: 20px !important;padding-bottom: 20px !important;padding-left: 20px !important;background-color: #337137 !important;border-radius: 35px !important;}&#8221;][vc_empty_space][\/vc_column][\/vc_row][vc_row content_placement=&#8221;middle&#8221;][vc_column][vc_empty_space][vc_toggle title=&#8221;\u00bfC\u00f3mo se trabaja la convalidaci\u00f3n de horas?&#8221; open=&#8221;true&#8221; el_class=&#8221;FAQuestion&#8221;]<span class=\"ui-provider gr b c d e f g h i j k l m n o p q r s t u v w x y z ab ac ae af ag ah ai aj ak\" dir=\"ltr\">Nuestro sistema de convalidaci\u00f3n de horas se basa en <strong>aprobaci\u00f3n<\/strong>, no solo en asistencia.<\/span>[\/vc_toggle][vc_toggle title=&#8221;\u00bfC\u00f3mo convalidar horas de un taller en l\u00ednea?&#8221; el_class=&#8221;FAQuestion&#8221;]<span class=\"ui-provider gr b c d e f g h i j k l m n o p q r s t u v w x y z ab ac ae af ag ah ai aj ak\" dir=\"ltr\">Si un taller se ofrece en l\u00ednea, para convalidaci\u00f3n <strong>se requiere<\/strong> que el participante responda 3\/5 preguntas de una post-prueba y se valida con la asistencia.\u00a0<\/span>[\/vc_toggle][vc_toggle title=&#8221;Asist\u00ed o asistir\u00e9 a un taller y quiero saber si convalidan el tiempo, \u00bfqu\u00e9 debo hacer?&#8221; el_class=&#8221;FAQuestion&#8221;]Si el taller<strong> fue o ser\u00e1 presencial<\/strong>, necesitamos:<\/p>\n<ol>\n<li>Hoja de asistencia firmada por los participantes y que incluya el correo electr\u00f3nico institucional<\/li>\n<li>Copia de la presentaci\u00f3n o del programa o agenda del evento<\/li>\n<li>Descripci\u00f3n de la actividad<\/li>\n<\/ol>\n<p>&nbsp;<\/p>\n<p>Si el taller <strong>fue o ser\u00e1 en l\u00ednea<\/strong>, necesitamos:<\/p>\n<ol>\n<li>Hoja de asistencia provista directamente de la oficina que origin\u00f3 la actividad<\/li>\n<li>Resultado de post-prueba donde se evidencie que el estudiante particip\u00f3 y obtuvo 3\/5<\/li>\n<\/ol>\n<p>[\/vc_toggle][vc_toggle title=&#8221;Si particip\u00e9 en un taller y no realic\u00e9 la post-prueba, \u00bfla puedo hacer m\u00e1s adelante?&#8221; el_class=&#8221;FAQuestion&#8221;]<span class=\"ui-provider gr b c d e f g h i j k l m n o p q r s t u v w x y z ab ac ae af ag ah ai aj ak\" dir=\"ltr\">No, usted tiene hasta las 11:59PM del d\u00eda de la actividad para completarla.<\/span>[\/vc_toggle][vc_toggle title=&#8221;Si asist\u00ed a un taller pero no tomaron asistencia, tengo fotos de que particip\u00e9 de la actividad, \u00bfme pueden convalidar ese tiempo?&#8221; el_class=&#8221;FAQuestion&#8221;]No es posible, debe firmar asistencia e incluir sus credenciales institucionales (correo electr\u00f3nico oficial).[\/vc_toggle][vc_toggle title=&#8221;Tengo ayudant\u00eda de c\u00e1tedra y ofrezco laboratorios, estoy semanalmente tomando orientaciones para poder ofrecer mis cursos\/laboratorios, esos talleres\/capacitaciones que tomo \u00bfpueden ser convalidados como horas del CEP?&#8221; el_class=&#8221;FAQuestion&#8221;]<span class=\"ui-provider gr b c d e f g h i j k l m n o p q r s t u v w x y z ab ac ae af ag ah ai aj ak\" dir=\"ltr\">No es posible, ese tiempo es parte de su tarea por tener ayudant\u00eda, los talleres del CEP son temas institucionales que competen, en la mayor\u00eda de los casos, a la comunidad universitaria y no a un grupo en particular.<\/span>[\/vc_toggle][vc_toggle title=&#8221;\u00bfHay oficinas que colaboran con el CEP para poder ampliar las opciones de talleres que puedo tomar?&#8221; el_class=&#8221;FAQuestion&#8221;]S\u00ed, el GRIC y CEDIBI en la Biblioteca General tienen acuerdos de colaboraci\u00f3n con el CEP y la mayor\u00eda de sus talleres son convalidados. La oficina de OSSEI-RUM tambi\u00e9n convalida la mayor\u00eda de sus talleres.<\/p>\n<p>&nbsp;<\/p>\n<p>Puede contactarnos a trav\u00e9s de cep@upr.edu si interesa que su oficina est\u00e9 en esta lista.[\/vc_toggle][vc_toggle title=&#8221;No s\u00e9 si la oficina que coordin\u00f3 el taller solicitar\u00e1 la convalidaci\u00f3n de horas. \u00bfQu\u00e9 puedo hacer?&#8221; el_class=&#8221;FAQuestion&#8221;]Usted puede solicitarle a la oficina que est\u00e1 coordinando el evento que le provea la descripci\u00f3n del taller y pedirle que se genere una hoja de asistencia o tambi\u00e9n puede pasarnos la informaci\u00f3n de la oficina o los organizadores del evento por correo electr\u00f3nico (cep@uprm.edu) y podemos contactarlos. Lo que debe solicitar est\u00e1 en la respuesta a la pregunta: <strong>Asist\u00ed o asistir\u00e9 a un taller y quiero saber si convalidan el tiempo, \u00bfqu\u00e9 debo hacer?<\/strong>[\/vc_toggle][\/vc_column][\/vc_row]<\/p>\n<\/div>","protected":false},"excerpt":{"rendered":"<p>[vc_row content_placement=&#8221;middle&#8221; css=&#8221;.vc_custom_1682341675853{background-color: #337137 !important;border-radius: 30px !important;}&#8221; el_class=&#8221;FAQrow&#8221;][vc_column][vc_column_text el_class=&#8221;FAQh1&#8243;] Preguntas m\u00e1s frecuentes [\/vc_column_text][\/vc_column][\/vc_row][vc_row][vc_column][vc_custom_heading text=&#8221;\u00bfSe pueden convalidar otras actividades bajo el CEP?&#8221; font_container=&#8221;tag:h1|font_size:32px|text_align:left|color:%23000000&#8243; google_fonts=&#8221;font_family:Roboto%3A100%2C100italic%2C300%2C300italic%2Cregular%2Citalic%2C500%2C500italic%2C700%2C700italic%2C900%2C900italic|font_style:500%20bold%20regular%3A500%3Anormal&#8221;][vc_column_text el_class=&#8221;horasText&#8221;]La misi\u00f3n del Centro de Enriquecimiento Profesional (CEP) es exponer al personal docente dedicado a la ense\u00f1anza a diversas estrategias, m\u00e9todos y t\u00e9cnicas educativas que promueven la excelencia acad\u00e9mica universitaria desde las&hellip;<\/p>\n","protected":false},"author":900058654,"featured_media":0,"parent":0,"menu_order":0,"comment_status":"closed","ping_status":"closed","template":"","meta":{"footnotes":""},"_links":{"self":[{"href":"https:\/\/new-cep.uprm.edu\/index.php\/wp-json\/wp\/v2\/pages\/1667"}],"collection":[{"href":"https:\/\/new-cep.uprm.edu\/index.php\/wp-json\/wp\/v2\/pages"}],"about":[{"href":"https:\/\/new-cep.uprm.edu\/index.php\/wp-json\/wp\/v2\/types\/page"}],"author":[{"embeddable":true,"href":"https:\/\/new-cep.uprm.edu\/index.php\/wp-json\/wp\/v2\/users\/900058654"}],"replies":[{"embeddable":true,"href":"https:\/\/new-cep.uprm.edu\/index.php\/wp-json\/wp\/v2\/comments?post=1667"}],"version-history":[{"count":3,"href":"https:\/\/new-cep.uprm.edu\/index.php\/wp-json\/wp\/v2\/pages\/1667\/revisions"}],"predecessor-version":[{"id":51914,"href":"https:\/\/new-cep.uprm.edu\/index.php\/wp-json\/wp\/v2\/pages\/1667\/revisions\/51914"}],"wp:attachment":[{"href":"https:\/\/new-cep.uprm.edu\/index.php\/wp-json\/wp\/v2\/media?parent=1667"}],"curies":[{"name":"wp","href":"https:\/\/api.w.org\/{rel}","templated":true}]}}