{"id":50951,"date":"2023-08-16T08:58:25","date_gmt":"2023-08-16T12:58:25","guid":{"rendered":"https:\/\/new-cep.uprm.edu\/?page_id=50951"},"modified":"2023-08-16T09:10:01","modified_gmt":"2023-08-16T13:10:01","slug":"actividades","status":"publish","type":"page","link":"https:\/\/new-cep.uprm.edu\/index.php\/actividades\/","title":{"rendered":"Actividades"},"content":{"rendered":"<div class=\"wpb-content-wrapper\"><p>[vc_row][vc_column][vc_accordion active_tab=&#8221;1&#8243; collapsible=&#8221;yes&#8221; title_size=&#8221;h4&#8243; style=&#8221;3&#8243;][vc_accordion_tab title=&#8221;Making your Abstracts Pop&#8221;][vc_row_inner][vc_column_inner width=&#8221;2\/3&#8243;][vc_column_text]<strong>Descripci\u00f3n:<\/strong> In this clinic, we will share tips on how to write abstracts that grab your readers&#8217; attention with thoughtful, concise, and well-composed lines of text. We will also talk about the essential information you must include to convey an accurate idea of the elements of your study and your findings.<\/p>\n<p><strong>Recurso:<\/strong> Luisa Feliciano Cruz, Graduate Writing Facilitator<\/p>\n<p><strong>Colaboraci\u00f3n:<\/strong> CEDIBI, Biblioteca<\/p>\n<p><strong>Enlace de registro: <\/strong><a href=\"https:\/\/uprm.libcal.com\/calendar\/cedibi\/Abstracts-Feb2022\" target=\"_blank\" rel=\"noopener\">https:\/\/uprm.libcal.com\/calendar\/cedibi\/Abstracts-Feb2022<\/a><\/p>\n<p>[\/vc_column_text][\/vc_column_inner][vc_column_inner width=&#8221;1\/3&#8243;][vc_column_text]<strong>Fecha: <\/strong>jueves,10 de febrero de 2022<\/p>\n<p><strong>Hora: <\/strong>10:30 am.<\/p>\n<p><strong>Cantidad de horas CEP: <\/strong>1.5 horas.<\/p>\n<p>[\/vc_column_text][\/vc_column_inner][\/vc_row_inner][\/vc_accordion_tab][vc_accordion_tab title=&#8221;Planes de Estudio: Efectivos y Completos&#8221;][vc_row_inner][vc_column_inner width=&#8221;2\/3&#8243;][vc_column_text]<strong>Descripci\u00f3n:<\/strong> Discusi\u00f3n de la Certificaci\u00f3n 09-09 \u2013 Normas que rigen los Estudios Graduados en el Recinto Universitario de Mayag\u00fcez que regulan las partes del plan de estudios. Se discutir\u00e1n la composici\u00f3n del comit\u00e9 del estudiante, deficiencias, cursos, ex\u00e1menes entre otros. Adem\u00e1s, cu\u00e1ndo, c\u00f3mo y porqu\u00e9 debe enmendarse el plan de estudios.<\/p>\n<p><strong>Recurso:<\/strong> Prof. H\u00e9ctor L\u00f3pez M\u00e9ndez, Director Asociado Oficina de Estudios Graduados<\/p>\n<p><strong>Colaboraci\u00f3n:<\/strong> Oficina de Estudios Graduados (OEG).<\/p>\n<p><strong>Enlace de registro: <a href=\"https:\/\/forms.office.com\/r\/K1Gv9ZThK4\" target=\"_blank\" rel=\"noopener\">https:\/\/forms.office.com\/r\/K1Gv9ZThK4<\/a><\/strong><\/p>\n<p>[\/vc_column_text][\/vc_column_inner][vc_column_inner width=&#8221;1\/3&#8243;][vc_column_text]<strong>Fecha: <\/strong>martes,15 de febrero de 2022<\/p>\n<p><strong>Hora: <\/strong>10:30 am.<\/p>\n<p><strong>Cantidad de horas CEP: <\/strong>1.5 horas.<\/p>\n<p><strong>Enlace: <\/strong><a href=\"https:\/\/teams.microsoft.com\/l\/meetup-join\/19%3ameeting_YzdlOGE5MGEtNjE3YS00MzAwLTlhNTktZDFmYjMzZWQ0MGM0%40thread.v2\/0?context=%7b%22Tid%22%3a%220dfa5dc0-036f-4615-99e4-94af822f2b84%22%2c%22Oid%22%3a%227ef20263-f603-4537-9961-8c0f8c4d8c8e%22%7d\">TEAMS<\/a>[\/vc_column_text][\/vc_column_inner][\/vc_row_inner][\/vc_accordion_tab][vc_accordion_tab title=&#8221;C\u00f3mo atender la diversidad usando el dise\u00f1o universal para el aprendiezaje&#8221;][vc_row_inner][vc_column_inner width=&#8221;2\/3&#8243;][vc_column_text]<strong>Descripci\u00f3n:<\/strong> Se presentar\u00e1 brevemente qu\u00e9 es el dise\u00f1o universal para el aprendizaje. Adem\u00e1s se presentar\u00e1n algunas alternativas para hacer las lecciones m\u00e1s accesibles a los estudiantes.<\/p>\n<p><strong>Recursos:<\/strong> Dra. Janette Ferrer Montes, Coordinadora de OSEIRUM<br \/>\nSra. Thyrzia Roura Cordero, Asistente Administrativa III<\/p>\n<p><strong>Colaboraci\u00f3n<\/strong>: Oficina de Servicios a Estudiantes con Impedimento (OSEI-RUM).<\/p>\n<p><strong>Enlace de registro: <a href=\"https:\/\/forms.office.com\/r\/EQZgSRyiKK\">https:\/\/forms.office.com\/r\/K1Gv9ZThK4<\/a><\/strong><\/p>\n<p>[\/vc_column_text][\/vc_column_inner][vc_column_inner width=&#8221;1\/3&#8243;][vc_column_text]<strong>Fecha: <\/strong>jueves,17 de febrero de 2022<\/p>\n<p><strong>Hora: <\/strong>10:30 am.<\/p>\n<p><strong>Cantidad de horas CEP: <\/strong>1.5 horas.<\/p>\n<p><strong>Enlace: <\/strong><a href=\"https:\/\/teams.microsoft.com\/l\/meetup-join\/19%3ameeting_YWI3YTU4ZGQtMTNkYy00MzlkLTgyNWMtODlmMWU3OWI2YjVl%40thread.v2\/0?context=%7b%22Tid%22%3a%220dfa5dc0-036f-4615-99e4-94af822f2b84%22%2c%22Oid%22%3a%227ef20263-f603-4537-9961-8c0f8c4d8c8e%22%7d\">TEAMS<\/a>[\/vc_column_text][\/vc_column_inner][\/vc_row_inner][\/vc_accordion_tab][vc_accordion_tab title=&#8221;Informational Session about Important aspects of Graduate School&#8221;][vc_row_inner][vc_column_inner width=&#8221;2\/3&#8243;][vc_column_text]<strong>Descripci\u00f3n:<\/strong> This informational session in English is intended for Graduate Students whose first language is not Spanish and use English as their language of communication at UPRM. In this session we will be reviewing the most important aspects of By-Law 09-09 which regulates Graduate Studies on campus. We will also be sharing important information regarding the services provided by the Office of Graduate Studies (OEG) and important dates for this Spring 2022 semester.<\/p>\n<p><strong>Recurso:<\/strong> Dra. Nancy V. Vicente, English Department<\/p>\n<p><strong>Enlace de registro:<\/strong> <a href=\"https:\/\/forms.office.com\/r\/sYJ8bpSJWg\" target=\"_blank\" rel=\"noopener\">https:\/\/forms.office.com\/r\/sYJ8bpSJWg<\/a><\/p>\n<p>[\/vc_column_text][\/vc_column_inner][vc_column_inner width=&#8221;1\/3&#8243;][vc_column_text]<strong>Fecha: <\/strong>martes, 22 de febrero del 2022<\/p>\n<p><strong>Hora: <\/strong>10:30 am<\/p>\n<p><strong>Cantidad de horas CEP: <\/strong>1.5 horas<\/p>\n<p><strong>Enlace TEAMS: <\/strong>PRONTO[\/vc_column_text][\/vc_column_inner][\/vc_row_inner][\/vc_accordion_tab][vc_accordion_tab title=&#8221;\u00bfQui\u00e9n puede estudiar en la UPR? Admisi\u00f3n de estudiantes internacionales: Visas F, J, L, H, DACA y estudiantes indocumentados&#8221;][vc_row_inner][vc_column_inner width=&#8221;2\/3&#8243;][vc_column_text]<strong>Descripci\u00f3n:<\/strong> : Esta charla es una presentaci\u00f3n de los tipos de visa con las que se puede cursar estudios universitarios. Adem\u00e1s de la visa F1, con la cual estamos familiarizados, existen otras visas que tambi\u00e9n le permiten a sus beneficiarios estudiar en la universidad; de igual manera, estudiantes bajo DACA y estudiantes indocumentados tambi\u00e9n pueden estudiar en la Universidad de Puerto Rico. Hablaremos de las particularidades de cada visa y las regulaciones o restricciones que las mismas implican para sus beneficiarios. As\u00ed como las ventajas de unas sobre otras para estudiar. Deseamos insister sobre le hecho que no existe legislaci\u00f3n alguna que prohiba la admission de estudiantes indocumentados en Puerto Rico.<\/p>\n<p><strong>Recurso:<\/strong> Dra. Franc\u00e9s J. Santiago Torres, PhD, PDSO, ARO, Directora de Rangos Institucionales y Alianzas Globales; Vicepresidente de Asuntos Acad\u00e9micos e Investigaci\u00f3n Administraci\u00f3n Central y Coordinadora de Asuntos de Inmigraci\u00f3n<\/p>\n<p><strong>Colaboraci\u00f3n:<\/strong> Oficina de Asuntos de Inmigraci\u00f3n<\/p>\n<p><strong>Enlace de registro:<\/strong> PRONTO<\/p>\n<p>[\/vc_column_text][\/vc_column_inner][vc_column_inner width=&#8221;1\/3&#8243;][vc_column_text]<strong>Fecha: <\/strong>martes, 1 de marzo del 2022<\/p>\n<p><strong>Hora: <\/strong>10:30am<\/p>\n<p><strong>Cantidad de horas CEP: <\/strong>1.5 horas<\/p>\n<p><strong>Enlace TEAMS: <\/strong>PRONTO[\/vc_column_text][\/vc_column_inner][\/vc_row_inner][\/vc_accordion_tab][vc_accordion_tab title=&#8221;Proceso para solicitar Opcional Practical Training y Curricular Practical Training: Estudiantes Internacionales sub-graduados y graduad&#8221;][vc_row_inner][vc_column_inner width=&#8221;2\/3&#8243;][vc_column_text]<strong>Descripci\u00f3n:<\/strong> Esta charla tiene como prop\u00f3sito principal orientar sobre los pasos que deben tomar para solicitar CPT &#8211; Curricular Practical Training u Optional Practical Training. Se insta a los estudiantes internacionales a aprovechar las oportunidades que se les presentan durante su carrera universitaria y al finalizar la misma. Se dar\u00e1n detalles sobre el mejor momento para solicitar, y la importancia de hacer estos procesos dentro de los tiempos establecidos por USCIS (United States Citizenship and Immigration Services). Se discutir\u00e1n los requerimientos de USCIS y la reglamentaci\u00f3n federal que rige estos asuntos.<\/p>\n<p><strong>Recurso:<\/strong> Dra. Franc\u00e9s J. Santiago Torres, PhD, PDSO, ARO, Directora de Rangos Institucionales y Alianzas Globales; Vicepresidente de Asuntos Acad\u00e9micos e Investigaci\u00f3n Administraci\u00f3n Central y Coordinadora de Asuntos de Inmigraci\u00f3n<\/p>\n<p><strong>Colaboraci\u00f3n:<\/strong> Oficina de Asuntos de Inmigraci\u00f3n<\/p>\n<p><strong>Enlace de registro:<\/strong> PRONTO<\/p>\n<p>[\/vc_column_text][\/vc_column_inner][vc_column_inner width=&#8221;1\/3&#8243;][vc_column_text]<strong>Fecha: <\/strong>martes, 15 de marzo del 2022<\/p>\n<p><strong>Hora:\u00a0<\/strong>10:30am<\/p>\n<p><strong>Cantidad de horas CEP:\u00a0<\/strong>1.5 horas<\/p>\n<p><strong>Enlace TEAMS: <\/strong>PRONTO[\/vc_column_text][\/vc_column_inner][\/vc_row_inner][\/vc_accordion_tab][vc_accordion_tab title=&#8221;On-campus employment: procesos para contratar estudiantes internacionales y reclutar docentes internacionales en la UPR.&#8221;][vc_row_inner][vc_column_inner width=&#8221;2\/3&#8243;][vc_column_text]<strong>Descripci\u00f3n:<\/strong> Esta charla orientar\u00e1 sobre el proceso de contrataci\u00f3n a estudiantes internacionales en la UPR. Se discutir\u00e1n los documentos que deben presentarse, la cantidad de horas, entre otros temas relevantes a la contrataci\u00f3n de estudiantes internacionales. Tambi\u00e9n se orientar\u00e1 sobre los procesos de reclutamiento de personal docente, con visado H1b o Postdoc (F1 en OPT).<\/p>\n<p><strong>Recurso:<\/strong> Dra. Franc\u00e9s J. Santiago Torres, PhD, PDSO, ARO, Directora de Rangos Institucionales y Alianzas Globales; Vicepresidente de Asuntos Acad\u00e9micos e Investigaci\u00f3n Administraci\u00f3n Central y Coordinadora de Asuntos de Inmigraci\u00f3n<\/p>\n<p><strong>Colaboraci\u00f3n:<\/strong> Oficina de Asuntos de Inmigraci\u00f3n<\/p>\n<p><strong>Enlace de registro:<\/strong> PRONTO<\/p>\n<p>[\/vc_column_text][\/vc_column_inner][vc_column_inner width=&#8221;1\/3&#8243;][vc_column_text]<strong>Fecha: <\/strong>martes, 5 de abril del 2022<\/p>\n<p><strong>Hora:\u00a0<\/strong>10:30am<\/p>\n<p><strong>Cantidad de horas CEP:\u00a0<\/strong>1.5 horas<\/p>\n<p><strong>Enlace TEAMS: <\/strong>PRONTO[\/vc_column_text][\/vc_column_inner][\/vc_row_inner][\/vc_accordion_tab][vc_accordion_tab title=&#8221;Ayudant\u00edas para estudiantes Graduados&#8221;][vc_row_inner][vc_column_inner width=&#8221;2\/3&#8243;][vc_column_text]<strong>Descripci\u00f3n:<\/strong> Discusi\u00f3n de la Certificaci\u00f3n 05-62 \u2013 Normas para regir Ayudant\u00edas de Estudiantes Graduados en el Recinto Universitario de Mayag\u00fcez. Se discutir\u00e1n los elementos b\u00e1sicos relacionados con las ayudant\u00edas graduadas desde su creaci\u00f3n hasta su aprobaci\u00f3n final, tiempo que puede disfrutar de la ayudant\u00eda, diferencias entre fondos institucionales y externos, pago, horas de trabajo y tareas a llevar a cabo.<\/p>\n<p><strong>Recurso:<\/strong> Prof. H\u00e9ctor L\u00f3pez M\u00e9ndez, Director Asociado, Oficina de Estudios Graduado<\/p>\n<p><strong>Colaboraci\u00f3n:<\/strong> Oficina de Estudios Graduados (OEG)<\/p>\n<p><strong>Enlace de resgistro:<\/strong> PRONTO<\/p>\n<p>[\/vc_column_text][\/vc_column_inner][vc_column_inner width=&#8221;1\/3&#8243;][vc_column_text]<strong>Fecha: <\/strong>12 de abril del 2022<\/p>\n<p><strong>Hora: <\/strong>10:30am<\/p>\n<p><strong>Cantidad de horas CEP: <\/strong>1.5 horas<\/p>\n<p><strong>Enlace TEAMS: <\/strong>PRONTO[\/vc_column_text][\/vc_column_inner][\/vc_row_inner][\/vc_accordion_tab][\/vc_accordion][vc_accordion active_tab=&#8221;1&#8243; collapsible=&#8221;yes&#8221; title_size=&#8221;h4&#8243; style=&#8221;3&#8243;][vc_accordion_tab title=&#8221;Proceso de las Ayudant\u00edas Graduadas&#8221;][vc_row_inner][vc_column_inner width=&#8221;2\/3&#8243;][vc_column_text]<strong>Descripci\u00f3n:<\/strong> Taller sobre los requisitos, creaci\u00f3n y aprobaci\u00f3n de las ayudant\u00edas graduadas en el Sistema R3 en Mi Portal Colegial. Se discutir\u00e1n los problemas y errores comunes, simulaciones de pago y agilizaci\u00f3n del proceso.<\/p>\n<p><strong>Recurso:<\/strong> Prof. H\u00e9ctor L\u00f3pez M\u00e9ndez, Director Asociado Oficina de Estudios Graduados<\/p>\n<p><strong>Colaboraci\u00f3n:<\/strong> Oficina de Estudios Graduados (OEG).<\/p>\n<p><strong>Enlace de registro:<\/strong> PRONTO<\/p>\n<p>[\/vc_column_text][\/vc_column_inner][vc_column_inner width=&#8221;1\/3&#8243;][vc_column_text]<strong>Fecha: <\/strong>martes, 26 de abril de 2022<\/p>\n<p><strong>Hora: <\/strong>10:30 am.<\/p>\n<p><strong>Cantidad de horas CEP: <\/strong>1.5 horas.<\/p>\n<p><strong>Enlace TEAMS: <\/strong>PRONTO[\/vc_column_text][\/vc_column_inner][\/vc_row_inner][\/vc_accordion_tab][vc_accordion_tab title=&#8221;Desastres Naturales Protocolos de Emergencias para Estudiantes Internacionales&#8221;][vc_row_inner][vc_column_inner width=&#8221;2\/3&#8243;][vc_column_text]<strong>Descripci\u00f3n:<\/strong> Esta charla pretende compartir el protocolo a seguir durante de emergencias para estudiantes internacionales. Lo he preparado, siguiendo las gu\u00edas del protocolo que se circulara desde Administraci\u00f3n Central, luego del paso de hurac\u00e1n Mar\u00eda. El mismo ha sido evaluado por el experto en manejo de emergencias del RUM. Queremos alertar al estudiantado internacional sobre el protocolo a seguir en situaciones de emergencia y que est\u00e9n al tanto de la importancia de conocer el protocolo a seguir, antes, durante y despu\u00e9s de una emergencia (ya sea desastre natural u otros tipos de emergencias que puedan ocurrir). La idea de presentar el protocolo tambi\u00e9n es la de recabar cualquier insumo de parte de la comunidad internacional del RUM para tomarla en cuenta.<\/p>\n<p><strong>Recurso:<\/strong> Dra. Franc\u00e9s J. Santiago Torres, PhD, PDSO, ARO, Directora de Rangos Institucionales y Alianzas Globales; Vicepresidente de Asuntos Acad\u00e9micos e Investigaci\u00f3n Administraci\u00f3n Central y Coordinadora de Asuntos de Inmigraci\u00f3n<\/p>\n<p><strong>Colaboraci\u00f3n:\u00a0<\/strong>Oficina de Asuntos de Inmigraci\u00f3n<\/p>\n<p><strong>Enlace de registro:<\/strong> PRONTO<\/p>\n<p>[\/vc_column_text][\/vc_column_inner][vc_column_inner width=&#8221;1\/3&#8243;][vc_column_text]<strong>Fecha: <\/strong>martes, 3 de mayo del 2022<\/p>\n<p><strong>Hora: <\/strong>10:30 am<\/p>\n<p><strong>Cantidad de horas CEP: <\/strong>1.5 horas<\/p>\n<p><strong>Enlace TEAMS: <\/strong>PRONTO[\/vc_column_text][\/vc_column_inner][\/vc_row_inner][\/vc_accordion_tab][\/vc_accordion][\/vc_column][\/vc_row]<\/p>\n<\/div>","protected":false},"excerpt":{"rendered":"<p>[vc_row][vc_column][vc_accordion active_tab=&#8221;1&#8243; collapsible=&#8221;yes&#8221; title_size=&#8221;h4&#8243; style=&#8221;3&#8243;][vc_accordion_tab title=&#8221;Making your Abstracts Pop&#8221;][vc_row_inner][vc_column_inner width=&#8221;2\/3&#8243;][vc_column_text]Descripci\u00f3n: In this clinic, we will share tips on how to write abstracts that grab your readers&#8217; attention with thoughtful, concise, and well-composed lines of text. We will also talk about the essential information you must include to convey an accurate idea of the elements of&hellip;<\/p>\n","protected":false},"author":1,"featured_media":0,"parent":0,"menu_order":0,"comment_status":"closed","ping_status":"closed","template":"","meta":{"footnotes":""},"_links":{"self":[{"href":"https:\/\/new-cep.uprm.edu\/index.php\/wp-json\/wp\/v2\/pages\/50951"}],"collection":[{"href":"https:\/\/new-cep.uprm.edu\/index.php\/wp-json\/wp\/v2\/pages"}],"about":[{"href":"https:\/\/new-cep.uprm.edu\/index.php\/wp-json\/wp\/v2\/types\/page"}],"author":[{"embeddable":true,"href":"https:\/\/new-cep.uprm.edu\/index.php\/wp-json\/wp\/v2\/users\/1"}],"replies":[{"embeddable":true,"href":"https:\/\/new-cep.uprm.edu\/index.php\/wp-json\/wp\/v2\/comments?post=50951"}],"version-history":[{"count":3,"href":"https:\/\/new-cep.uprm.edu\/index.php\/wp-json\/wp\/v2\/pages\/50951\/revisions"}],"predecessor-version":[{"id":52479,"href":"https:\/\/new-cep.uprm.edu\/index.php\/wp-json\/wp\/v2\/pages\/50951\/revisions\/52479"}],"wp:attachment":[{"href":"https:\/\/new-cep.uprm.edu\/index.php\/wp-json\/wp\/v2\/media?parent=50951"}],"curies":[{"name":"wp","href":"https:\/\/api.w.org\/{rel}","templated":true}]}}